{"id":164,"date":"2024-03-25T19:32:37","date_gmt":"2024-03-25T16:32:37","guid":{"rendered":"https:\/\/yorukeli.org\/?page_id=164"},"modified":"2026-02-09T01:18:19","modified_gmt":"2026-02-08T22:18:19","slug":"tuzuk","status":"publish","type":"page","link":"https:\/\/yorukeli.org\/index.php\/tuzuk\/","title":{"rendered":"T\u00fcz\u00fck"},"content":{"rendered":"\t\t<div data-elementor-type=\"wp-page\" data-elementor-id=\"164\" class=\"elementor elementor-164\" data-elementor-post-type=\"page\">\n\t\t\t\t<div class=\"elementor-element elementor-element-aa090c2 e-con-full e-flex e-con e-parent\" data-id=\"aa090c2\" data-element_type=\"container\" data-core-v316-plus=\"true\">\n\t\t<div class=\"elementor-element elementor-element-9a83485 e-con-full e-flex e-con e-child\" data-id=\"9a83485\" data-element_type=\"container\">\n\t\t<div class=\"elementor-element elementor-element-5437dda e-con-full e-flex e-con e-child\" data-id=\"5437dda\" data-element_type=\"container\" data-settings=\"{&quot;background_background&quot;:&quot;classic&quot;}\">\n\t\t\t\t<\/div>\n\t\t\t\t<\/div>\n\t\t<div class=\"elementor-element elementor-element-9644cf4 e-con-full e-flex e-con e-child\" data-id=\"9644cf4\" data-element_type=\"container\">\n\t\t\t\t<div class=\"elementor-element elementor-element-e8d445c elementor-widget elementor-widget-heading\" data-id=\"e8d445c\" data-element_type=\"widget\" data-widget_type=\"heading.default\">\n\t\t\t\t<div class=\"elementor-widget-container\">\n\t\t\t<style>\/*! elementor - v3.20.0 - 20-03-2024 *\/\n.elementor-heading-title{padding:0;margin:0;line-height:1}.elementor-widget-heading .elementor-heading-title[class*=elementor-size-]>a{color:inherit;font-size:inherit;line-height:inherit}.elementor-widget-heading .elementor-heading-title.elementor-size-small{font-size:15px}.elementor-widget-heading .elementor-heading-title.elementor-size-medium{font-size:19px}.elementor-widget-heading .elementor-heading-title.elementor-size-large{font-size:29px}.elementor-widget-heading .elementor-heading-title.elementor-size-xl{font-size:39px}.elementor-widget-heading .elementor-heading-title.elementor-size-xxl{font-size:59px}<\/style><h2 class=\"elementor-heading-title elementor-size-default\">T\u00fcz\u00fck<\/h2>\t\t<\/div>\n\t\t\t\t<\/div>\n\t\t\t\t<div class=\"elementor-element elementor-element-0418cc5 elementor-widget elementor-widget-text-editor\" data-id=\"0418cc5\" data-element_type=\"widget\" data-widget_type=\"text-editor.default\">\n\t\t\t\t<div class=\"elementor-widget-container\">\n\t\t\t<style>\/*! elementor - v3.20.0 - 20-03-2024 *\/\n.elementor-widget-text-editor.elementor-drop-cap-view-stacked .elementor-drop-cap{background-color:#69727d;color:#fff}.elementor-widget-text-editor.elementor-drop-cap-view-framed .elementor-drop-cap{color:#69727d;border:3px solid;background-color:transparent}.elementor-widget-text-editor:not(.elementor-drop-cap-view-default) .elementor-drop-cap{margin-top:8px}.elementor-widget-text-editor:not(.elementor-drop-cap-view-default) .elementor-drop-cap-letter{width:1em;height:1em}.elementor-widget-text-editor .elementor-drop-cap{float:left;text-align:center;line-height:1;font-size:50px}.elementor-widget-text-editor .elementor-drop-cap-letter{display:inline-block}<\/style>\t\t\t\t<p>T\u00fcz\u00fck.<\/p><p>Madde 1: Y\u00f6r\u00fckeli Hareketi T\u00fcrk milliyet\u00e7isi ve vatansever bir olu\u015fumdur, derne\u011fin ad\u0131 Y\u00f6r\u00fckeli Hareketidir, merkezi Antalyad\u0131r.<\/p><p>Madde 2: Y\u00f6r\u00fckeli Hareketi ba\u015fta Halask\u00e2rgazi Mustafa Kemal ATAT\u00dcRK olmak \u00fczere b\u00fct\u00fcn T\u00fcrk b\u00fcy\u00fcklerinden ilham alan ve vatan m\u00fcdafaas\u0131 i\u00e7in ant i\u00e7mi\u015f bir olu\u015fumdur.<\/p><p>Madde 3: Y\u00f6r\u00fckeli Hareketi; T\u00fcrkiye Cumhuriyeti&#8217;nin toprak b\u00fct\u00fcnl\u00fc\u011f\u00fcn\u00fc, T\u00fcrk bayra\u011f\u0131n\u0131 ve T\u00fcrk \u0130stiklal mar\u015f\u0131n\u0131 sonuna kadar savunan ve bu de\u011ferlerden asla taviz vermeyecek bir olu\u015fumdur.<\/p><p>Madde 4: \u0130lk 3 madde de\u011fi\u015ftirilemez, de\u011fi\u015ftirilmesi teklif dahi edilemez.<\/p><p>Madde 5: Y\u00f6r\u00fckeli Hareketi kontrols\u00fcz i\u00e7 ve d\u0131\u015f g\u00f6\u00e7\u00fcn her t\u00fcrl\u00fcs\u00fcne kar\u015f\u0131d\u0131r.<\/p><p>5\/1: Y\u00f6r\u00fckeli Hareketi, Co\u011frafyam\u0131z\u0131n demografik yap\u0131s\u0131n\u0131, lok\u00e2l toplumsal d\u00fczenini bozacak nitelikteki her t\u00fcrl\u00fc kontrols\u00fcz i\u00e7 ve d\u0131\u015f g\u00f6\u00e7 hareketine kesin olarak kar\u015f\u0131 durur.<\/p><p>5\/2: Y\u00f6r\u00fckeli Hareketi, Y\u00f6r\u00fckeli co\u011frafyas\u0131&#8217;n\u0131n s\u0131n\u0131r g\u00fcvenli\u011finin zay\u0131flat\u0131lmas\u0131, fiil\u00ee s\u0131n\u0131r ihlallerinin g\u00f6rmezden gelinmesi ve ge\u00e7ici stat\u00fcler ad\u0131 alt\u0131nda kal\u0131c\u0131 n\u00fcfus de\u011fi\u015fiminin te\u015fvik edilmesini kabul etmez.<\/p><p>5\/3: Y\u00f6r\u00fckeli Hareketi, G\u00f6\u00e7 politikalar\u0131n\u0131n; T\u00fcrk milletinin tarihi, k\u00fclt\u00fcrel, ekonomik ve sosyolojik ger\u00e7ekleri g\u00f6zetilmeden y\u00fcr\u00fct\u00fclmesini milli egemenli\u011fe ayk\u0131r\u0131 g\u00f6r\u00fcr.<\/p><p>5\/4: Y\u00f6r\u00fckeli Hareketi Kontrols\u00fcz g\u00f6\u00e7\u00fcn yol a\u00e7t\u0131\u011f\u0131 g\u00fcvenlik riskleri, kamu d\u00fczeninin bozulmas\u0131, ekonomik y\u00fck ve sosyal uyumsuzlu\u011fun normalle\u015ftirilmesine kar\u015f\u0131 m\u00fccadele eder.<\/p><p>5\/5: Y\u00f6r\u00fckeli Hareketi ge\u00e7ici stat\u00fcyle \u00fclkeye kabul edilen n\u00fcfusun kal\u0131c\u0131 hale getirilmesine y\u00f6nelik her t\u00fcrl\u00fc fiili ve hukuki d\u00fczenlemeye kar\u015f\u0131 \u00e7\u0131kar.<\/p><p>5\/6: Y\u00f6r\u00fckeli Hareketi g\u00f6\u00e7\u00fcn, bir d\u0131\u015f politika arac\u0131 ya da i\u00e7 siyaset malzemesi olarak kullan\u0131lmas\u0131n\u0131 reddeder.<\/p><p>5\/7: Y\u00f6r\u00fckeli Hareketi T\u00fcrk milletinin demografik s\u00fcreklili\u011fini tehdit eden uygulamalara kar\u015f\u0131 me\u015fru ve hukuki t\u00fcm yollarla m\u00fccadeleyi ilke edinir.<\/p><p>Madde 6: Y\u00f6r\u00fckeli Hareketi, T\u00fcrk yurdunun do\u011fas\u0131n\u0131 ve \u00e7evresini korumay\u0131 kutsal g\u00f6ren bir olu\u015fumdur.<\/p><p>Madde 7: Y\u00f6r\u00fckeli Hareketi hukukun \u00fcst\u00fcnl\u00fc\u011f\u00fcn\u00fc savunan, g\u00fc\u00e7ler ayr\u0131l\u0131\u011f\u0131 ilkesini benimseyen bir olu\u015fumdur.<\/p><p>Madde 8: Y\u00f6r\u00fckeli Hareketi Laiklik ilkesini benimseyen ve t\u00fcm inan\u00e7lara sayg\u0131 duyan bir olu\u015fumdur.<\/p><p>Madde 9: Y\u00f6r\u00fckeli Hareketi siyasi partilerden ba\u011f\u0131ms\u0131z h\u00fcr ve m\u00fcstakil T\u00fcrk milliyet\u00e7isi bir olu\u015fumdur.<\/p><p>Madde 10: Y\u00f6r\u00fckeli Hareketi sosyal ya\u015fam\u0131n her alan\u0131nda gerek sanal mecr\u00e2larda gerek sahalarda aktif m\u00fccadele vermektedir.<\/p><p>Madde 11: Y\u00f6r\u00fckeli Hareketi ekolojik yap\u0131s\u0131na sahip \u00e7\u0131kan ve ekolojik yap\u0131s\u0131 i\u00e7in m\u00fccadele eden bir olu\u015fumdur.<\/p><p>Madde 12: Y\u00f6r\u00fckeli Hareketi, Y\u00f6r\u00fck\/T\u00fcrkmen topluluklar\u0131n\u0131n k\u00fclt\u00fcrlerini, dil yap\u0131lar\u0131n\u0131, a\u011f\u0131zlar\u0131n\u0131 ve motiflerini korumay\u0131 ama\u00e7layan bir olu\u015fumdur.<\/p><p>Madde 13: Y\u00f6r\u00fckeli Hareketi, zul\u00fcm alt\u0131nda ya\u015fayan t\u00fcm T\u00fcrk\u00ee topluluklar ile ayn\u0131 duygular\u0131 payla\u015f\u0131r.<\/p><p>Madde 14: Y\u00f6r\u00fckeli Hareketi n\u00fcfusun negatif geli\u015fmeleri ile m\u00fccadele eden bir topluluktur.<\/p><p>Madde 15: Y\u00f6r\u00fckeli Hareketi belediyeler, valilikler, kaymakaml\u0131klar ve yerel y\u00f6netim kurumlar\u0131nda aktif \u015fekilde do\u011frudan rol almay\u0131 ama\u00e7lar.<\/p><p>Madde 16: Y\u00f6r\u00fckeli Hareketi T\u00fcrk milliyet\u00e7isi ve vatansever t\u00fcm olu\u015fumlar ile i\u015fbirli\u011fine a\u00e7\u0131kt\u0131r.<\/p><p>Madde 17: Y\u00f6r\u00fckeli Hareketi,\u00fcye kabul ve \u00fcye ihra\u00e7 maddeleri.<\/p><p>\u00dcye kabul maddeleri;<br \/>1) \u00dcye olmak isteyen ki\u015fi 18 ya\u015f\u0131na girmi\u015f, re\u015fit bir birey olmal\u0131d\u0131r. <br \/>2) \u00dcye olmak isteyen ki\u015fi T\u00fcrk soylu olmak zorundad\u0131r.<br \/>3) \u00dcye olmak isteyen ki\u015fi, \u00fcyelik formunu doldurmal\u0131d\u0131r.<br \/>4) \u00dcye olmak isteyen ki\u015fi, derne\u011fimizin ad\u0131n\u0131 kullanarak herhangi bir su\u00e7a kar\u0131\u015fmamal\u0131 ve kurallara sayg\u0131l\u0131 olmal\u0131d\u0131r.<br \/>5) \u00dcye olmak isteyen ki\u015fi Atat\u00fcrk&#8217;e, T\u00fcrk b\u00fcy\u00fcklerine, dini ve milli de\u011ferlerimize sayg\u0131 duymal\u0131d\u0131r. <br \/>6) \u00dcye olmak isteyen ki\u015fi di\u011fer \u00fcyelere sayg\u0131 duymak zorundad\u0131r.<\/p><p>\u00dcye ihra\u00e7 maddeleri; <br \/>1) Herhangi bir \u00fcye, herhangi bir \u015fekilde taciz veya tecav\u00fcz su\u00e7u i\u015fledi\u011fine dair kesin bir h\u00fck\u00fcm giymi\u015f ki\u015fi sorgusuz sualsiz, uyar\u0131 almaks\u0131z\u0131n ihra\u00e7 edilir. <br \/>2) Herhangi bir \u00fcye Atat\u00fcrk&#8217;e, T\u00fcrk b\u00fcy\u00fcklerine, dini ve milli de\u011ferlerimize sayg\u0131s\u0131zl\u0131k yaparsa sorgusuz sualsiz, uyar\u0131 almaks\u0131z\u0131n ihra\u00e7 edilir. <br \/>3) Herhangi bir \u00fcye&#8217;nin uyu\u015fturucu veya uyar\u0131c\u0131 madde kulland\u0131\u011f\u0131 tespit edilirse sorgusuz sualsiz, uyar\u0131 almaks\u0131z\u0131n ihra\u00e7 edilir. <br \/>4) Herhangi bir \u00fcye derne\u011fimizin ismini kullanarak su\u00e7a kar\u0131\u015f\u0131rsa, logomuzu ve ismimizi m\u00fcnferit bir olayda kullan\u0131rsa sorgusuz sualsiz, uyar\u0131 almaks\u0131z\u0131n ihra\u00e7 edilir.<br \/>5) Herhangi bir \u00fcye di\u011fer \u00fcyelere bilin\u00e7li bir \u015fekilde sayg\u0131s\u0131zl\u0131k yapma kast\u0131 ile hareket ederse uyar\u0131 al\u0131r, 2.uyar\u0131da ihra\u00e7 edilir. <br \/>6) Herhangi bir \u00fcye dernek mal\u0131na kas\u0131tl\u0131 \u015fekilde zarar verirse uyar\u0131 al\u0131r, 2.Uyar\u0131da ihra\u00e7 edilir. Ve zarar\u0131 14 i\u015f g\u00fcn\u00fc i\u00e7inde kar\u015f\u0131lamas\u0131 zorunludur, aksi halde icraya verilir. <br \/>7) Herhangi bir \u00fcye&#8217;nin yalan beyan vererek derne\u011fe \u00fcye oldu\u011fu tespit edilirse ihra\u00e7 edilir. <br \/>8) Herhangi bir \u00fcye derne\u011fin gizlilik politikas\u0131n\u0131 ihlal ederse sorgusuz sualsiz, uyar\u0131 almaks\u0131z\u0131n ihra\u00e7 edilir. <br \/>9) Herhangi bir \u00fcye derne\u011fimizin t\u00fcz\u00fc\u011f\u00fcne ve manifestosuna uymayan hareketler sergilerse uyar\u0131 al\u0131r, 3.uyar\u0131da ihra\u00e7 edilir. <br \/>10) Herhangi bir \u00fcye ki\u015fisel hayat\u0131n\u0131 ve sahsi kavgalar\u0131n\u0131 derne\u011fimize yans\u0131t\u0131rsa uyar\u0131 al\u0131r ve 3.uyar\u0131da ihra\u00e7 edilir.<br \/>11) Herhangi bir \u00fcye derne\u011fin ileti\u015fim a\u011flar\u0131nda herhangi ba\u015fka bir olu\u015fumun reklam\u0131n\u0131 yaparsa uyar\u0131 al\u0131r, 2.uyar\u0131da ihra\u00e7 edilir.<\/p>\t\t\t\t\t\t<\/div>\n\t\t\t\t<\/div>\n\t\t\t\t<\/div>\n\t\t<div class=\"elementor-element elementor-element-4f33671 e-con-full e-flex e-con e-child\" data-id=\"4f33671\" data-element_type=\"container\">\n\t\t<div class=\"elementor-element elementor-element-31e5965 e-con-full e-flex e-con e-child\" data-id=\"31e5965\" data-element_type=\"container\" data-settings=\"{&quot;background_background&quot;:&quot;classic&quot;}\">\n\t\t\t\t<\/div>\n\t\t\t\t<\/div>\n\t\t\t\t<\/div>\n\t\t<div class=\"elementor-element elementor-element-2e5a9bd e-con-full e-flex e-con e-parent\" data-id=\"2e5a9bd\" data-element_type=\"container\" data-core-v316-plus=\"true\">\n\t\t<div class=\"elementor-element elementor-element-3293481 e-con-full e-flex e-con e-child\" data-id=\"3293481\" data-element_type=\"container\">\n\t\t\t\t<\/div>\n\t\t<div class=\"elementor-element elementor-element-d06c6f9 e-con-full e-flex e-con e-child\" data-id=\"d06c6f9\" data-element_type=\"container\">\n\t\t\t\t<div class=\"elementor-element elementor-element-cbcb76b elementor-widget elementor-widget-image\" data-id=\"cbcb76b\" data-element_type=\"widget\" data-widget_type=\"image.default\">\n\t\t\t\t<div class=\"elementor-widget-container\">\n\t\t\t<style>\/*! elementor - v3.20.0 - 20-03-2024 *\/\n.elementor-widget-image{text-align:center}.elementor-widget-image a{display:inline-block}.elementor-widget-image a img[src$=\".svg\"]{width:48px}.elementor-widget-image img{vertical-align:middle;display:inline-block}<\/style>\t\t\t\t\t\t\t\t\t\t<img fetchpriority=\"high\" decoding=\"async\" width=\"500\" height=\"500\" src=\"https:\/\/yorukeli.org\/wp-content\/uploads\/2024\/03\/WhatsApp_Gorsel_2024-05-22_saat_22.23.58_1ac7ec1a-removebg-preview.png\" class=\"attachment-large size-large wp-image-634\" alt=\"\" srcset=\"https:\/\/yorukeli.org\/wp-content\/uploads\/2024\/03\/WhatsApp_Gorsel_2024-05-22_saat_22.23.58_1ac7ec1a-removebg-preview.png 500w, https:\/\/yorukeli.org\/wp-content\/uploads\/2024\/03\/WhatsApp_Gorsel_2024-05-22_saat_22.23.58_1ac7ec1a-removebg-preview-300x300.png 300w, https:\/\/yorukeli.org\/wp-content\/uploads\/2024\/03\/WhatsApp_Gorsel_2024-05-22_saat_22.23.58_1ac7ec1a-removebg-preview-150x150.png 150w\" sizes=\"(max-width: 500px) 100vw, 500px\" \/>\t\t\t\t\t\t\t\t\t\t\t\t\t<\/div>\n\t\t\t\t<\/div>\n\t\t\t\t<\/div>\n\t\t<div class=\"elementor-element elementor-element-daab5bd e-con-full e-flex e-con e-child\" data-id=\"daab5bd\" data-element_type=\"container\">\n\t\t\t\t<\/div>\n\t\t\t\t<\/div>\n\t\t\t\t<\/div>\n\t\t","protected":false},"excerpt":{"rendered":"<p>T\u00fcz\u00fck T\u00fcz\u00fck. Madde 1: Y\u00f6r\u00fckeli Hareketi T\u00fcrk milliyet\u00e7isi ve vatansever bir olu\u015fumdur, derne\u011fin ad\u0131 Y\u00f6r\u00fckeli Hareketidir, merkezi Antalyad\u0131r. Madde 2: Y\u00f6r\u00fckeli Hareketi ba\u015fta Halask\u00e2rgazi Mustafa Kemal ATAT\u00dcRK olmak \u00fczere b\u00fct\u00fcn T\u00fcrk b\u00fcy\u00fcklerinden ilham alan ve vatan m\u00fcdafaas\u0131 i\u00e7in ant i\u00e7mi\u015f bir olu\u015fumdur. Madde 3: Y\u00f6r\u00fckeli Hareketi; T\u00fcrkiye Cumhuriyeti&#8217;nin toprak b\u00fct\u00fcnl\u00fc\u011f\u00fcn\u00fc, T\u00fcrk bayra\u011f\u0131n\u0131 ve T\u00fcrk \u0130stiklal [&hellip;]<\/p>\n","protected":false},"author":1,"featured_media":0,"parent":0,"menu_order":0,"comment_status":"closed","ping_status":"closed","template":"elementor_header_footer","meta":{"footnotes":""},"yoast_head":"<!-- This site is optimized with the Yoast SEO plugin v23.0 - https:\/\/yoast.com\/wordpress\/plugins\/seo\/ -->\n<title>T\u00fcz\u00fck - Y\u00f6r\u00fckeli Hareketi<\/title>\n<meta name=\"robots\" content=\"index, follow, max-snippet:-1, max-image-preview:large, max-video-preview:-1\" \/>\n<link rel=\"canonical\" href=\"https:\/\/yorukeli.org\/index.php\/tuzuk\/\" \/>\n<meta property=\"og:locale\" content=\"en_US\" \/>\n<meta property=\"og:type\" content=\"article\" \/>\n<meta property=\"og:title\" content=\"T\u00fcz\u00fck - Y\u00f6r\u00fckeli Hareketi\" \/>\n<meta property=\"og:description\" content=\"T\u00fcz\u00fck T\u00fcz\u00fck. Madde 1: Y\u00f6r\u00fckeli Hareketi T\u00fcrk milliyet\u00e7isi ve vatansever bir olu\u015fumdur, derne\u011fin ad\u0131 Y\u00f6r\u00fckeli Hareketidir, merkezi Antalyad\u0131r. Madde 2: Y\u00f6r\u00fckeli Hareketi ba\u015fta Halask\u00e2rgazi Mustafa Kemal ATAT\u00dcRK olmak \u00fczere b\u00fct\u00fcn T\u00fcrk b\u00fcy\u00fcklerinden ilham alan ve vatan m\u00fcdafaas\u0131 i\u00e7in ant i\u00e7mi\u015f bir olu\u015fumdur. Madde 3: Y\u00f6r\u00fckeli Hareketi; T\u00fcrkiye Cumhuriyeti&#8217;nin toprak b\u00fct\u00fcnl\u00fc\u011f\u00fcn\u00fc, T\u00fcrk bayra\u011f\u0131n\u0131 ve T\u00fcrk \u0130stiklal [&hellip;]\" \/>\n<meta property=\"og:url\" content=\"https:\/\/yorukeli.org\/index.php\/tuzuk\/\" \/>\n<meta property=\"og:site_name\" content=\"Y\u00f6r\u00fckeli Hareketi\" \/>\n<meta property=\"article:modified_time\" content=\"2026-02-08T22:18:19+00:00\" \/>\n<meta property=\"og:image\" content=\"https:\/\/yorukeli.org\/wp-content\/uploads\/2024\/03\/WhatsApp_Gorsel_2024-05-22_saat_22.23.58_1ac7ec1a-removebg-preview.png\" \/>\n<meta name=\"twitter:card\" content=\"summary_large_image\" \/>\n<meta name=\"twitter:label1\" content=\"Est. reading time\" \/>\n\t<meta name=\"twitter:data1\" content=\"4 minutes\" \/>\n<script type=\"application\/ld+json\" class=\"yoast-schema-graph\">{\"@context\":\"https:\/\/schema.org\",\"@graph\":[{\"@type\":\"WebPage\",\"@id\":\"https:\/\/yorukeli.org\/index.php\/tuzuk\/\",\"url\":\"https:\/\/yorukeli.org\/index.php\/tuzuk\/\",\"name\":\"T\u00fcz\u00fck - Y\u00f6r\u00fckeli Hareketi\",\"isPartOf\":{\"@id\":\"https:\/\/yorukeli.org\/#website\"},\"primaryImageOfPage\":{\"@id\":\"https:\/\/yorukeli.org\/index.php\/tuzuk\/#primaryimage\"},\"image\":{\"@id\":\"https:\/\/yorukeli.org\/index.php\/tuzuk\/#primaryimage\"},\"thumbnailUrl\":\"https:\/\/yorukeli.org\/wp-content\/uploads\/2024\/03\/WhatsApp_Gorsel_2024-05-22_saat_22.23.58_1ac7ec1a-removebg-preview.png\",\"datePublished\":\"2024-03-25T16:32:37+00:00\",\"dateModified\":\"2026-02-08T22:18:19+00:00\",\"breadcrumb\":{\"@id\":\"https:\/\/yorukeli.org\/index.php\/tuzuk\/#breadcrumb\"},\"inLanguage\":\"en-US\",\"potentialAction\":[{\"@type\":\"ReadAction\",\"target\":[\"https:\/\/yorukeli.org\/index.php\/tuzuk\/\"]}]},{\"@type\":\"ImageObject\",\"inLanguage\":\"en-US\",\"@id\":\"https:\/\/yorukeli.org\/index.php\/tuzuk\/#primaryimage\",\"url\":\"https:\/\/yorukeli.org\/wp-content\/uploads\/2024\/03\/WhatsApp_Gorsel_2024-05-22_saat_22.23.58_1ac7ec1a-removebg-preview.png\",\"contentUrl\":\"https:\/\/yorukeli.org\/wp-content\/uploads\/2024\/03\/WhatsApp_Gorsel_2024-05-22_saat_22.23.58_1ac7ec1a-removebg-preview.png\",\"width\":500,\"height\":500},{\"@type\":\"BreadcrumbList\",\"@id\":\"https:\/\/yorukeli.org\/index.php\/tuzuk\/#breadcrumb\",\"itemListElement\":[{\"@type\":\"ListItem\",\"position\":1,\"name\":\"Home\",\"item\":\"https:\/\/yorukeli.org\/\"},{\"@type\":\"ListItem\",\"position\":2,\"name\":\"T\u00fcz\u00fck\"}]},{\"@type\":\"WebSite\",\"@id\":\"https:\/\/yorukeli.org\/#website\",\"url\":\"https:\/\/yorukeli.org\/\",\"name\":\"Y\u00f6r\u00fckeli Hareketi\",\"description\":\"\",\"publisher\":{\"@id\":\"https:\/\/yorukeli.org\/#organization\"},\"potentialAction\":[{\"@type\":\"SearchAction\",\"target\":{\"@type\":\"EntryPoint\",\"urlTemplate\":\"https:\/\/yorukeli.org\/?s={search_term_string}\"},\"query-input\":\"required name=search_term_string\"}],\"inLanguage\":\"en-US\"},{\"@type\":\"Organization\",\"@id\":\"https:\/\/yorukeli.org\/#organization\",\"name\":\"Y\u00f6r\u00fckeli Hareketi\",\"url\":\"https:\/\/yorukeli.org\/\",\"logo\":{\"@type\":\"ImageObject\",\"inLanguage\":\"en-US\",\"@id\":\"https:\/\/yorukeli.org\/#\/schema\/logo\/image\/\",\"url\":\"https:\/\/yorukeli.org\/wp-content\/uploads\/2024\/03\/WhatsApp_Gorsel_2024-05-22_saat_22.23.58_1ac7ec1a-removebg-preview.png\",\"contentUrl\":\"https:\/\/yorukeli.org\/wp-content\/uploads\/2024\/03\/WhatsApp_Gorsel_2024-05-22_saat_22.23.58_1ac7ec1a-removebg-preview.png\",\"width\":500,\"height\":500,\"caption\":\"Y\u00f6r\u00fckeli Hareketi\"},\"image\":{\"@id\":\"https:\/\/yorukeli.org\/#\/schema\/logo\/image\/\"}}]}<\/script>\n<!-- \/ Yoast SEO plugin. -->","yoast_head_json":{"title":"T\u00fcz\u00fck - Y\u00f6r\u00fckeli Hareketi","robots":{"index":"index","follow":"follow","max-snippet":"max-snippet:-1","max-image-preview":"max-image-preview:large","max-video-preview":"max-video-preview:-1"},"canonical":"https:\/\/yorukeli.org\/index.php\/tuzuk\/","og_locale":"en_US","og_type":"article","og_title":"T\u00fcz\u00fck - Y\u00f6r\u00fckeli Hareketi","og_description":"T\u00fcz\u00fck T\u00fcz\u00fck. Madde 1: Y\u00f6r\u00fckeli Hareketi T\u00fcrk milliyet\u00e7isi ve vatansever bir olu\u015fumdur, derne\u011fin ad\u0131 Y\u00f6r\u00fckeli Hareketidir, merkezi Antalyad\u0131r. Madde 2: Y\u00f6r\u00fckeli Hareketi ba\u015fta Halask\u00e2rgazi Mustafa Kemal ATAT\u00dcRK olmak \u00fczere b\u00fct\u00fcn T\u00fcrk b\u00fcy\u00fcklerinden ilham alan ve vatan m\u00fcdafaas\u0131 i\u00e7in ant i\u00e7mi\u015f bir olu\u015fumdur. Madde 3: Y\u00f6r\u00fckeli Hareketi; T\u00fcrkiye Cumhuriyeti&#8217;nin toprak b\u00fct\u00fcnl\u00fc\u011f\u00fcn\u00fc, T\u00fcrk bayra\u011f\u0131n\u0131 ve T\u00fcrk \u0130stiklal [&hellip;]","og_url":"https:\/\/yorukeli.org\/index.php\/tuzuk\/","og_site_name":"Y\u00f6r\u00fckeli Hareketi","article_modified_time":"2026-02-08T22:18:19+00:00","og_image":[{"url":"https:\/\/yorukeli.org\/wp-content\/uploads\/2024\/03\/WhatsApp_Gorsel_2024-05-22_saat_22.23.58_1ac7ec1a-removebg-preview.png"}],"twitter_card":"summary_large_image","twitter_misc":{"Est. reading time":"4 minutes"},"schema":{"@context":"https:\/\/schema.org","@graph":[{"@type":"WebPage","@id":"https:\/\/yorukeli.org\/index.php\/tuzuk\/","url":"https:\/\/yorukeli.org\/index.php\/tuzuk\/","name":"T\u00fcz\u00fck - Y\u00f6r\u00fckeli Hareketi","isPartOf":{"@id":"https:\/\/yorukeli.org\/#website"},"primaryImageOfPage":{"@id":"https:\/\/yorukeli.org\/index.php\/tuzuk\/#primaryimage"},"image":{"@id":"https:\/\/yorukeli.org\/index.php\/tuzuk\/#primaryimage"},"thumbnailUrl":"https:\/\/yorukeli.org\/wp-content\/uploads\/2024\/03\/WhatsApp_Gorsel_2024-05-22_saat_22.23.58_1ac7ec1a-removebg-preview.png","datePublished":"2024-03-25T16:32:37+00:00","dateModified":"2026-02-08T22:18:19+00:00","breadcrumb":{"@id":"https:\/\/yorukeli.org\/index.php\/tuzuk\/#breadcrumb"},"inLanguage":"en-US","potentialAction":[{"@type":"ReadAction","target":["https:\/\/yorukeli.org\/index.php\/tuzuk\/"]}]},{"@type":"ImageObject","inLanguage":"en-US","@id":"https:\/\/yorukeli.org\/index.php\/tuzuk\/#primaryimage","url":"https:\/\/yorukeli.org\/wp-content\/uploads\/2024\/03\/WhatsApp_Gorsel_2024-05-22_saat_22.23.58_1ac7ec1a-removebg-preview.png","contentUrl":"https:\/\/yorukeli.org\/wp-content\/uploads\/2024\/03\/WhatsApp_Gorsel_2024-05-22_saat_22.23.58_1ac7ec1a-removebg-preview.png","width":500,"height":500},{"@type":"BreadcrumbList","@id":"https:\/\/yorukeli.org\/index.php\/tuzuk\/#breadcrumb","itemListElement":[{"@type":"ListItem","position":1,"name":"Home","item":"https:\/\/yorukeli.org\/"},{"@type":"ListItem","position":2,"name":"T\u00fcz\u00fck"}]},{"@type":"WebSite","@id":"https:\/\/yorukeli.org\/#website","url":"https:\/\/yorukeli.org\/","name":"Y\u00f6r\u00fckeli Hareketi","description":"","publisher":{"@id":"https:\/\/yorukeli.org\/#organization"},"potentialAction":[{"@type":"SearchAction","target":{"@type":"EntryPoint","urlTemplate":"https:\/\/yorukeli.org\/?s={search_term_string}"},"query-input":"required name=search_term_string"}],"inLanguage":"en-US"},{"@type":"Organization","@id":"https:\/\/yorukeli.org\/#organization","name":"Y\u00f6r\u00fckeli Hareketi","url":"https:\/\/yorukeli.org\/","logo":{"@type":"ImageObject","inLanguage":"en-US","@id":"https:\/\/yorukeli.org\/#\/schema\/logo\/image\/","url":"https:\/\/yorukeli.org\/wp-content\/uploads\/2024\/03\/WhatsApp_Gorsel_2024-05-22_saat_22.23.58_1ac7ec1a-removebg-preview.png","contentUrl":"https:\/\/yorukeli.org\/wp-content\/uploads\/2024\/03\/WhatsApp_Gorsel_2024-05-22_saat_22.23.58_1ac7ec1a-removebg-preview.png","width":500,"height":500,"caption":"Y\u00f6r\u00fckeli Hareketi"},"image":{"@id":"https:\/\/yorukeli.org\/#\/schema\/logo\/image\/"}}]}},"_links":{"self":[{"href":"https:\/\/yorukeli.org\/index.php\/wp-json\/wp\/v2\/pages\/164"}],"collection":[{"href":"https:\/\/yorukeli.org\/index.php\/wp-json\/wp\/v2\/pages"}],"about":[{"href":"https:\/\/yorukeli.org\/index.php\/wp-json\/wp\/v2\/types\/page"}],"author":[{"embeddable":true,"href":"https:\/\/yorukeli.org\/index.php\/wp-json\/wp\/v2\/users\/1"}],"replies":[{"embeddable":true,"href":"https:\/\/yorukeli.org\/index.php\/wp-json\/wp\/v2\/comments?post=164"}],"version-history":[{"count":73,"href":"https:\/\/yorukeli.org\/index.php\/wp-json\/wp\/v2\/pages\/164\/revisions"}],"predecessor-version":[{"id":1120,"href":"https:\/\/yorukeli.org\/index.php\/wp-json\/wp\/v2\/pages\/164\/revisions\/1120"}],"wp:attachment":[{"href":"https:\/\/yorukeli.org\/index.php\/wp-json\/wp\/v2\/media?parent=164"}],"curies":[{"name":"wp","href":"https:\/\/api.w.org\/{rel}","templated":true}]}}